{"id":13,"date":"2018-06-27T09:14:29","date_gmt":"2018-06-27T09:14:29","guid":{"rendered":"http:\/\/www.kartentraum.ch\/ca\/?page_id=13"},"modified":"2022-10-06T12:02:24","modified_gmt":"2022-10-06T12:02:24","slug":"ueber-mich","status":"publish","type":"page","link":"https:\/\/www.kartentraum.ch\/ca\/ueber-mich\/","title":{"rendered":"\u00dcber mich"},"content":{"rendered":"\n\n<div class=\"wp-block-image\">\n<figure class=\"aligncenter size-large\"><img decoding=\"async\" src=\"http:\/\/www.kartentraum.ch\/pict\/chrissie_22.jpg\" alt=\"\"\/><\/figure>\n<\/div>\n\n<p>\u00a0<\/p>\n<p>Meine ersten Karten habe ich mit Motivstempel im Jahre 2005 gewerkelt. Schon damals hat mir das\u00a0 viel Freude gemacht. Mit der Zeit kam immer mehr das Bed\u00fcrfnis, meine eigenen Kreationen und Sujet zu gestalten, und so fand ich zur Kalligraphie und dem (digitalen) Handlettering. Ich arbeite im digitalem Bereich mit dem iPad Pro und dem Procreate.<\/p>\n<p>Bei Roland Stieger und Susanne Breitenmoser habe ich verschiedene Kalligraphiekurse besucht und meine Erfahrungen vertieft. \u00dcber die Jahre habe ich meine Vorlieben weiterentwickelt und zu meinem eigenen Stil gefunden.<\/p>\n<p>Haben Sie Kartenw\u00fcnsche oder Vorstellungen f\u00fcr Ihr Hochzeitsfest, f\u00fcr die Taufe oder einen speziellen\u00a0 Gl\u00fcckwunsch, dann melden Sie sich\u00a0 unter\u00a0 info(\u00e4t)kartentraum.ch<\/p>\n\n\n<p><\/p>\n","protected":false},"excerpt":{"rendered":"<p>\u00a0 Meine ersten Karten habe ich mit Motivstempel im Jahre 2005 gewerkelt. Schon damals hat mir das\u00a0 viel Freude gemacht. Mit der Zeit kam immer mehr das Bed\u00fcrfnis, meine eigenen Kreationen und Sujet zu gestalten, und so fand ich zur Kalligraphie und dem (digitalen) Handlettering. Ich arbeite im digitalem Bereich mit dem iPad Pro und &hellip; <\/p>\n<p class=\"link-more\"><a href=\"https:\/\/www.kartentraum.ch\/ca\/ueber-mich\/\" class=\"more-link\"><span class=\"screen-reader-text\">\u201e\u00dcber mich\u201c<\/span> weiterlesen<\/a><\/p>\n","protected":false},"author":1,"featured_media":0,"parent":0,"menu_order":0,"comment_status":"closed","ping_status":"closed","template":"","meta":{"footnotes":""},"class_list":["post-13","page","type-page","status-publish","hentry"],"_links":{"self":[{"href":"https:\/\/www.kartentraum.ch\/ca\/wp-json\/wp\/v2\/pages\/13","targetHints":{"allow":["GET"]}}],"collection":[{"href":"https:\/\/www.kartentraum.ch\/ca\/wp-json\/wp\/v2\/pages"}],"about":[{"href":"https:\/\/www.kartentraum.ch\/ca\/wp-json\/wp\/v2\/types\/page"}],"author":[{"embeddable":true,"href":"https:\/\/www.kartentraum.ch\/ca\/wp-json\/wp\/v2\/users\/1"}],"replies":[{"embeddable":true,"href":"https:\/\/www.kartentraum.ch\/ca\/wp-json\/wp\/v2\/comments?post=13"}],"version-history":[{"count":10,"href":"https:\/\/www.kartentraum.ch\/ca\/wp-json\/wp\/v2\/pages\/13\/revisions"}],"predecessor-version":[{"id":620,"href":"https:\/\/www.kartentraum.ch\/ca\/wp-json\/wp\/v2\/pages\/13\/revisions\/620"}],"wp:attachment":[{"href":"https:\/\/www.kartentraum.ch\/ca\/wp-json\/wp\/v2\/media?parent=13"}],"curies":[{"name":"wp","href":"https:\/\/api.w.org\/{rel}","templated":true}]}}